{"id":61,"date":"2018-09-11T23:45:17","date_gmt":"2018-09-11T23:45:17","guid":{"rendered":"http:\/\/bbg-gruppe.flywheelsites.com\/?page_id=61"},"modified":"2023-04-17T10:26:08","modified_gmt":"2023-04-17T10:26:08","slug":"uber-uns","status":"publish","type":"page","link":"https:\/\/bbg-gruppe.net\/index.php\/uber-uns\/","title":{"rendered":"Warum wir tun, was wir tun."},"content":{"rendered":"<p style=\"text-align: left;\">Wir investieren in Pers\u00f6nlichkeiten, an die\u00a0wir glauben. Wir investieren in Projekt, die uns begeistern und es\u00a0ist uns wichtig, dass die durch uns aufgebaute Unternehmen langfristig erfolgreich werden. Und da wir uns\u00a0selbst die H\u00e4nde schmutzig machen,\u00a0wissen wir auch, wie das geht.<\/p>\n<!-- \/wp:paragraph --><!-- wp:paragraph -->\n\n<!-- \/wp:paragraph --><!-- wp:paragraph -->\n\nWir leben in einer globalen, stark\u00a0vernetzten Welt und wir wollen unseren lokalen Beteiligungen einen Zugang zum\u00a0Rest der Welt und den dort vorhandenen\u00a0Werkzeugen und Menschen geben. Gleichzeitig ist das keine Einbahnstra\u00dfe. Wir streben daher in allen Projekten die maximale Wertsch\u00f6pfung vor Ort an.","protected":false},"excerpt":{"rendered":"<p>Wir investieren in Pers\u00f6nlichkeiten, an die\u00a0wir glauben. Wir investieren in Projekt, die uns begeistern und es\u00a0ist uns wichtig, dass die durch uns aufgebaute Unternehmen langfristig erfolgreich werden. Und da wir uns\u00a0selbst die H\u00e4nde schmutzig machen,\u00a0wissen wir auch, wie das geht. Wir leben in einer globalen, stark\u00a0vernetzten Welt und wir wollen unseren lokalen Beteiligungen einen Zugang &hellip; <\/p>\n<p class=\"link-more\"><a href=\"https:\/\/bbg-gruppe.net\/index.php\/uber-uns\/\" class=\"more-link\">Continue reading<span class=\"screen-reader-text\"> &#8220;Warum wir tun, was wir tun.&#8221;<\/span><\/a><\/p>\n","protected":false},"author":1,"featured_media":0,"parent":0,"menu_order":1,"comment_status":"closed","ping_status":"closed","template":"","meta":{"footnotes":""},"class_list":["post-61","page","type-page","status-publish","hentry"],"_links":{"self":[{"href":"https:\/\/bbg-gruppe.net\/index.php\/wp-json\/wp\/v2\/pages\/61"}],"collection":[{"href":"https:\/\/bbg-gruppe.net\/index.php\/wp-json\/wp\/v2\/pages"}],"about":[{"href":"https:\/\/bbg-gruppe.net\/index.php\/wp-json\/wp\/v2\/types\/page"}],"author":[{"embeddable":true,"href":"https:\/\/bbg-gruppe.net\/index.php\/wp-json\/wp\/v2\/users\/1"}],"replies":[{"embeddable":true,"href":"https:\/\/bbg-gruppe.net\/index.php\/wp-json\/wp\/v2\/comments?post=61"}],"version-history":[{"count":5,"href":"https:\/\/bbg-gruppe.net\/index.php\/wp-json\/wp\/v2\/pages\/61\/revisions"}],"predecessor-version":[{"id":147,"href":"https:\/\/bbg-gruppe.net\/index.php\/wp-json\/wp\/v2\/pages\/61\/revisions\/147"}],"wp:attachment":[{"href":"https:\/\/bbg-gruppe.net\/index.php\/wp-json\/wp\/v2\/media?parent=61"}],"curies":[{"name":"wp","href":"https:\/\/api.w.org\/{rel}","templated":true}]}}