{"id":50,"date":"2018-09-11T23:25:09","date_gmt":"2018-09-11T23:25:09","guid":{"rendered":"http:\/\/bbg-gruppe.flywheelsites.com\/?page_id=50"},"modified":"2022-09-18T10:15:14","modified_gmt":"2022-09-18T10:15:14","slug":"warum-wir-tun-was-wir-tun","status":"publish","type":"page","link":"https:\/\/bbg-gruppe.net\/","title":{"rendered":"\u00dcber uns."},"content":{"rendered":"Die Sachsen sind ein faszinierendes Volk, freiheitsliebend, sparsam, fleissig, p\u00fcnktlich und genau. Und wir sind lokale Unternehmer, die stolz darauf und auch auf die Geschichte ihrer Heimat sind und wir glauben an eine positive Zukunft, die wir gemeinsam mit Ihnen gestalten m\u00f6chten.\n<p style=\"text-align: left;\">Noch nie zuvor gab es so viele M\u00f6glichkeiten sich unternehmerisch zu entfalten. Noch nie zuvor gab es mehr Chancen. Und wir m\u00f6chten diese Chancen gemeinsam mit unseren Partner und Mitarbeitern wahrnehmen.<\/p>\n<p style=\"text-align: left;\">Unser Team ist so ungew\u00f6hnlich, wie alles an uns. Vom Event-Manager, zum internationalen Konzernlenker \u00fcber den hochqualifizierten Steuerberater und Rechtsanwalt bis zum Gesch\u00e4ftsf\u00fchrer mit Branchenkenntnissen ist alles dabei. Vielleicht macht uns das aus. Viele Blickwinkel und offene und ehrliche Diskussionen. Wer wei\u00df. Wir wissen es nicht, aber wir werden alles daf\u00fcr tun, weiter solche Menschen anzuziehen. Menschen, die etwas bewegen wollen.<\/p>\n<!-- \/wp:paragraph -->\n\n<!-- wp:paragraph -->\n\n<!-- \/wp:paragraph -->\n\n<!-- wp:paragraph -->\n\n<!-- \/wp:paragraph -->","protected":false},"excerpt":{"rendered":"<p>Die Sachsen sind ein faszinierendes Volk, freiheitsliebend, sparsam, fleissig, p\u00fcnktlich und genau. Und wir sind lokale Unternehmer, die stolz darauf und auch auf die Geschichte ihrer Heimat sind und wir glauben an eine positive Zukunft, die wir gemeinsam mit Ihnen gestalten m\u00f6chten. Noch nie zuvor gab es so viele M\u00f6glichkeiten sich unternehmerisch zu entfalten. Noch &hellip; <\/p>\n<p class=\"link-more\"><a href=\"https:\/\/bbg-gruppe.net\/\" class=\"more-link\">Continue reading<span class=\"screen-reader-text\"> &#8220;\u00dcber uns.&#8221;<\/span><\/a><\/p>\n","protected":false},"author":1,"featured_media":0,"parent":0,"menu_order":2,"comment_status":"closed","ping_status":"closed","template":"","meta":{"footnotes":""},"class_list":["post-50","page","type-page","status-publish","hentry"],"_links":{"self":[{"href":"https:\/\/bbg-gruppe.net\/index.php\/wp-json\/wp\/v2\/pages\/50"}],"collection":[{"href":"https:\/\/bbg-gruppe.net\/index.php\/wp-json\/wp\/v2\/pages"}],"about":[{"href":"https:\/\/bbg-gruppe.net\/index.php\/wp-json\/wp\/v2\/types\/page"}],"author":[{"embeddable":true,"href":"https:\/\/bbg-gruppe.net\/index.php\/wp-json\/wp\/v2\/users\/1"}],"replies":[{"embeddable":true,"href":"https:\/\/bbg-gruppe.net\/index.php\/wp-json\/wp\/v2\/comments?post=50"}],"version-history":[{"count":10,"href":"https:\/\/bbg-gruppe.net\/index.php\/wp-json\/wp\/v2\/pages\/50\/revisions"}],"predecessor-version":[{"id":133,"href":"https:\/\/bbg-gruppe.net\/index.php\/wp-json\/wp\/v2\/pages\/50\/revisions\/133"}],"wp:attachment":[{"href":"https:\/\/bbg-gruppe.net\/index.php\/wp-json\/wp\/v2\/media?parent=50"}],"curies":[{"name":"wp","href":"https:\/\/api.w.org\/{rel}","templated":true}]}}