{"id":104,"date":"2019-02-11T07:31:15","date_gmt":"2019-02-11T07:31:15","guid":{"rendered":"http:\/\/bbg-gruppe.flywheelsites.com\/?page_id=104"},"modified":"2023-04-17T10:22:30","modified_gmt":"2023-04-17T10:22:30","slug":"investment-strategie","status":"publish","type":"page","link":"https:\/\/bbg-gruppe.net\/index.php\/investment-strategie\/","title":{"rendered":"Investment Strategie."},"content":{"rendered":"<p>Die Welt ver\u00e4ndert sich rasant. Ein neues Zeitalter hat begonnen, dass alle Lebensbereiche ver\u00e4ndern wird. Wir wollen Teil dieser Ver\u00e4nderung sein und schon fr\u00fchzeitig in diese Ver\u00e4nderungen investieren.<\/p>\n<p style=\"text-align: left;\">Branchen spielen dabei f\u00fcr uns keine Rolle. Wir interessieren uns\u00a0f\u00fcr Gelegenheiten. Solche \u00a0sehen wir derzeit im Bereich Gesundheit &amp; Sport, im Bereich der erneuerbaren Energie sowie in allen Bereichen der Kreislaufwirtschaft.<\/p>\n<p>Unabh\u00e4ngig davon schauen wir uns immer die Gelegenheiten an, die Mr. Market uns regelm\u00e4\u00dfig pr\u00e4sentiert.<\/p>\n","protected":false},"excerpt":{"rendered":"<p>Die Welt ver\u00e4ndert sich rasant. Ein neues Zeitalter hat begonnen, dass alle Lebensbereiche ver\u00e4ndern wird. Wir wollen Teil dieser Ver\u00e4nderung sein und schon fr\u00fchzeitig in diese Ver\u00e4nderungen investieren. Branchen spielen dabei f\u00fcr uns keine Rolle. Wir interessieren uns\u00a0f\u00fcr Gelegenheiten. Solche \u00a0sehen wir derzeit im Bereich Gesundheit &amp; Sport, im Bereich der erneuerbaren Energie sowie in &hellip; <\/p>\n<p class=\"link-more\"><a href=\"https:\/\/bbg-gruppe.net\/index.php\/investment-strategie\/\" class=\"more-link\">Continue reading<span class=\"screen-reader-text\"> &#8220;Investment Strategie.&#8221;<\/span><\/a><\/p>\n","protected":false},"author":1,"featured_media":0,"parent":0,"menu_order":3,"comment_status":"closed","ping_status":"closed","template":"","meta":{"footnotes":""},"class_list":["post-104","page","type-page","status-publish","hentry"],"_links":{"self":[{"href":"https:\/\/bbg-gruppe.net\/index.php\/wp-json\/wp\/v2\/pages\/104"}],"collection":[{"href":"https:\/\/bbg-gruppe.net\/index.php\/wp-json\/wp\/v2\/pages"}],"about":[{"href":"https:\/\/bbg-gruppe.net\/index.php\/wp-json\/wp\/v2\/types\/page"}],"author":[{"embeddable":true,"href":"https:\/\/bbg-gruppe.net\/index.php\/wp-json\/wp\/v2\/users\/1"}],"replies":[{"embeddable":true,"href":"https:\/\/bbg-gruppe.net\/index.php\/wp-json\/wp\/v2\/comments?post=104"}],"version-history":[{"count":7,"href":"https:\/\/bbg-gruppe.net\/index.php\/wp-json\/wp\/v2\/pages\/104\/revisions"}],"predecessor-version":[{"id":146,"href":"https:\/\/bbg-gruppe.net\/index.php\/wp-json\/wp\/v2\/pages\/104\/revisions\/146"}],"wp:attachment":[{"href":"https:\/\/bbg-gruppe.net\/index.php\/wp-json\/wp\/v2\/media?parent=104"}],"curies":[{"name":"wp","href":"https:\/\/api.w.org\/{rel}","templated":true}]}}